{"id":7896,"date":"2016-12-02T12:01:34","date_gmt":"2016-12-02T12:01:34","guid":{"rendered":"http:\/\/www.montsedamianabogada.com\/ca\/?page_id=7896"},"modified":"2017-01-11T10:21:27","modified_gmt":"2017-01-11T10:21:27","slug":"dret-de-familia","status":"publish","type":"page","link":"https:\/\/www.montsedamianabogada.com\/ca\/dret-de-familia\/","title":{"rendered":"Dret de fam\u00edlia"},"content":{"rendered":"<p>[vc_row][vc_column width=&#8221;1\/3&#8243;]<div class=\"ult-spacer spacer-69e8e372c7268\" data-id=\"69e8e372c7268\" data-height=\"30\" data-height-mobile=\"30\" data-height-tab=\"30\" data-height-tab-portrait=\"\" data-height-mobile-landscape=\"\" style=\"clear:both;display:block;\"><\/div>[vc_single_image image=&#8221;7926&#8243; img_size=&#8221;full&#8221;][\/vc_column][vc_column width=&#8221;2\/3&#8243; el_class=&#8221;justify&#8221;]<div class=\"ult-spacer spacer-69e8e372c7274\" data-id=\"69e8e372c7274\" data-height=\"60\" data-height-mobile=\"60\" data-height-tab=\"60\" data-height-tab-portrait=\"\" data-height-mobile-landscape=\"\" style=\"clear:both;display:block;\"><\/div>[vc_column_text]S\u00f3n moltes les q\u00fcestions que entren en joc quan un decideix divorciar-se o separar-se de la seva parella. Amb qui s\u2019han de quedar els nens, qu\u00e8 fem amb la vivenda familiar, qu\u00e8 passa amb els cr\u00e8dits que tenim o qui ha de contribuir a la manutenci\u00f3 dels fills en com\u00fa\u2026 s\u00f3n algunes preguntes que han de trobar solucions.<\/p>\n<p>Som conscients que en aquests moments complicats de la vida, moltes vegades un mateix no adopta ni arriba als millors acords, adonant-se posteriorment que aquests els afectaran per molt de temps i que potser no van ser els m\u00e9s encertats. D\u2019aqu\u00ed la necessitat de comptar amb l\u2019adequat assessorament legal i que \u00e9s ali\u00e8 al conflicte emocional per tal de ser capa\u00e7os de donar solucions m\u00e9s \u00f2ptimes.<\/p>\n<p>Per\u00f2 tamb\u00e9 hem d\u2019estar ben assessorats en d\u2019altres tipus de conflictes que poden sorgir posteriorment i en d\u2019altres \u00e0mbits com per exemple, els que se\u2019n deriven del impagament de pensions d\u2019aliments als fills tot i tenir una sent\u00e8ncia que els reconeix, o els que tenim quan volem fer un testament. Aquests i d\u2019altres com els seg\u00fcents:[\/vc_column_text]<div class=\"ult-spacer spacer-69e8e372c727d\" data-id=\"69e8e372c727d\" data-height=\"60\" data-height-mobile=\"60\" data-height-tab=\"60\" data-height-tab-portrait=\"\" data-height-mobile-landscape=\"\" style=\"clear:both;display:block;\"><\/div>[\/vc_column][\/vc_row][vc_row full_width=&#8221;stretch_row_content_no_spaces&#8221; bg_type=&#8221;bg_color&#8221; bg_color_value=&#8221;#f3efed&#8221;][vc_column width=&#8221;1\/2&#8243;][vc_single_image image=&#8221;7839&#8243; img_size=&#8221;full&#8221;][\/vc_column][vc_column width=&#8221;1\/2&#8243; el_class=&#8221;justify &#8220;]<div class=\"ult-animation padding-list ult-animate-viewport  ult-no-mobile \" data-animate=\"fadeIn\" data-animation-delay=\"0\" data-animation-duration=\"\" data-animation-iteration=\"1\" style=\"opacity:0;\" data-opacity_start_effect=\"\"><div class=\"aio-icon-component   style_1 upper_icon_index-0\"><div id=\"Info-box-wrap-9243\" class=\"aio-icon-box left-icon\" style=\"\"  ><div class=\"aio-icon-left\"><div class=\"ult-just-icon-wrapper  \"><div class=\"align-icon\" style=\"text-align:center;\">\n<div class=\"aio-icon none \"  style=\"color:#661414;font-size:28px;display:inline-block;\">\n\t<i class=\"line-icons-check-square\"><\/i>\n<\/div><\/div><\/div><\/div><div class=\"aio-ibd-block\"><div class=\"aio-icon-header\" ><h3 class=\"aio-icon-title ult-responsive\"  data-ultimate-target='#Info-box-wrap-9243 .aio-icon-title'  data-responsive-json-new='{\"font-size\":\"\",\"line-height\":\"\"}'  style=\"\">Procediments de separaci\u00f3 i divorci, tant de mutu acord com contenci\u00f3s.<\/h3><\/div> <!-- header --><\/div> <!-- aio-ibd-block --><\/div> <!-- aio-icon-box --><\/div> <!-- aio-icon-component --><style>#Info-box-wrap-9243 .aio-icon:after{box-shadow: 0 0 0 2px #ffffff !important;}<\/style><div class=\"aio-icon-component   style_1 upper_icon_index-0\"><div id=\"Info-box-wrap-3819\" class=\"aio-icon-box left-icon\" style=\"\"  ><div class=\"aio-icon-left\"><div class=\"ult-just-icon-wrapper  \"><div class=\"align-icon\" style=\"text-align:center;\">\n<div class=\"aio-icon none \"  style=\"color:#661414;font-size:28px;display:inline-block;\">\n\t<i class=\"line-icons-check-square\"><\/i>\n<\/div><\/div><\/div><\/div><div class=\"aio-ibd-block\"><div class=\"aio-icon-header\" ><h3 class=\"aio-icon-title ult-responsive\"  data-ultimate-target='#Info-box-wrap-3819 .aio-icon-title'  data-responsive-json-new='{\"font-size\":\"\",\"line-height\":\"\"}'  style=\"\">Modificaci\u00f3 de mesures derivades d\u2019una sent\u00e8ncia de divorci o de ruptura de parella de fet per tal de revisar la pensi\u00f3 d\u2019aliments, els r\u00e8gims de visita amb els fills, o d\u2019altres q\u00fcestions a variar.<\/h3><\/div> <!-- header --><\/div> <!-- aio-ibd-block --><\/div> <!-- aio-icon-box --><\/div> <!-- aio-icon-component --><style>#Info-box-wrap-3819 .aio-icon:after{box-shadow: 0 0 0 2px #ffffff !important;}<\/style><div class=\"aio-icon-component   style_1 upper_icon_index-0\"><div id=\"Info-box-wrap-7453\" class=\"aio-icon-box left-icon\" style=\"\"  ><div class=\"aio-icon-left\"><div class=\"ult-just-icon-wrapper  \"><div class=\"align-icon\" style=\"text-align:center;\">\n<div class=\"aio-icon none \"  style=\"color:#661414;font-size:32px;display:inline-block;\">\n\t<i class=\"line-icons-check-square\"><\/i>\n<\/div><\/div><\/div><\/div><div class=\"aio-ibd-block\"><div class=\"aio-icon-header\" ><h3 class=\"aio-icon-title ult-responsive\"  data-ultimate-target='#Info-box-wrap-7453 .aio-icon-title'  data-responsive-json-new='{\"font-size\":\"\",\"line-height\":\"\"}'  style=\"\">Reclamaci\u00f3 de pensions aliment\u00e0ries.<\/h3><\/div> <!-- header --><\/div> <!-- aio-ibd-block --><\/div> <!-- aio-icon-box --><\/div> <!-- aio-icon-component --><style>#Info-box-wrap-7453 .aio-icon:after{box-shadow: 0 0 0 2px #ffffff !important;}<\/style><div class=\"aio-icon-component   style_1 upper_icon_index-0\"><div id=\"Info-box-wrap-1482\" class=\"aio-icon-box left-icon\" style=\"\"  ><div class=\"aio-icon-left\"><div class=\"ult-just-icon-wrapper  \"><div class=\"align-icon\" style=\"text-align:center;\">\n<div class=\"aio-icon none \"  style=\"color:#661414;font-size:32px;display:inline-block;\">\n\t<i class=\"line-icons-check-square\"><\/i>\n<\/div><\/div><\/div><\/div><div class=\"aio-ibd-block\"><div class=\"aio-icon-header\" ><h3 class=\"aio-icon-title ult-responsive\"  data-ultimate-target='#Info-box-wrap-1482 .aio-icon-title'  data-responsive-json-new='{\"font-size\":\"\",\"line-height\":\"\"}'  style=\"\">Reclamaci\u00f3 de pensi\u00f3 compensat\u00f2ria derivada del divorci o separaci\u00f3 de parella de fet.<\/h3><\/div> <!-- header --><\/div> <!-- aio-ibd-block --><\/div> <!-- aio-icon-box --><\/div> <!-- aio-icon-component --><style>#Info-box-wrap-1482 .aio-icon:after{box-shadow: 0 0 0 2px #ffffff !important;}<\/style><div class=\"aio-icon-component   style_1 upper_icon_index-0\"><div id=\"Info-box-wrap-4842\" class=\"aio-icon-box left-icon\" style=\"\"  ><div class=\"aio-icon-left\"><div class=\"ult-just-icon-wrapper  \"><div class=\"align-icon\" style=\"text-align:center;\">\n<div class=\"aio-icon none \"  style=\"color:#661414;font-size:32px;display:inline-block;\">\n\t<i class=\"line-icons-check-square\"><\/i>\n<\/div><\/div><\/div><\/div><div class=\"aio-ibd-block\"><div class=\"aio-icon-header\" ><h3 class=\"aio-icon-title ult-responsive\"  data-ultimate-target='#Info-box-wrap-4842 .aio-icon-title'  data-responsive-json-new='{\"font-size\":\"\",\"line-height\":\"\"}'  style=\"\">Procediments d\u2019 incapacitat de fills o familiars i nomenament de tutor.<\/h3><\/div> <!-- header --><\/div> <!-- aio-ibd-block --><\/div> <!-- aio-icon-box --><\/div> <!-- aio-icon-component --><style>#Info-box-wrap-4842 .aio-icon:after{box-shadow: 0 0 0 2px #ffffff !important;}<\/style><div class=\"aio-icon-component   style_1 upper_icon_index-0\"><div id=\"Info-box-wrap-8687\" class=\"aio-icon-box left-icon\" style=\"\"  ><div class=\"aio-icon-left\"><div class=\"ult-just-icon-wrapper  \"><div class=\"align-icon\" style=\"text-align:center;\">\n<div class=\"aio-icon none \"  style=\"color:#661414;font-size:32px;display:inline-block;\">\n\t<i class=\"line-icons-check-square\"><\/i>\n<\/div><\/div><\/div><\/div><div class=\"aio-ibd-block\"><div class=\"aio-icon-header\" ><h3 class=\"aio-icon-title ult-responsive\"  data-ultimate-target='#Info-box-wrap-8687 .aio-icon-title'  data-responsive-json-new='{\"font-size\":\"\",\"line-height\":\"\"}'  style=\"\">Reconeixements i impugnacions de paternitat.<\/h3><\/div> <!-- header --><\/div> <!-- aio-ibd-block --><\/div> <!-- aio-icon-box --><\/div> <!-- aio-icon-component --><style>#Info-box-wrap-8687 .aio-icon:after{box-shadow: 0 0 0 2px #ffffff !important;}<\/style><div class=\"aio-icon-component   style_1 upper_icon_index-0\"><div id=\"Info-box-wrap-5459\" class=\"aio-icon-box left-icon\" style=\"\"  ><div class=\"aio-icon-left\"><div class=\"ult-just-icon-wrapper  \"><div class=\"align-icon\" style=\"text-align:center;\">\n<div class=\"aio-icon none \"  style=\"color:#661414;font-size:32px;display:inline-block;\">\n\t<i class=\"line-icons-check-square\"><\/i>\n<\/div><\/div><\/div><\/div><div class=\"aio-ibd-block\"><div class=\"aio-icon-header\" ><h3 class=\"aio-icon-title ult-responsive\"  data-ultimate-target='#Info-box-wrap-5459 .aio-icon-title'  data-responsive-json-new='{\"font-size\":\"\",\"line-height\":\"\"}'  style=\"\">Assessorament en la confecci\u00f3 de testaments i impugnaci\u00f3 judicial dels mateixos.<\/h3><\/div> <!-- header --><\/div> <!-- aio-ibd-block --><\/div> <!-- aio-icon-box --><\/div> <!-- aio-icon-component --><style>#Info-box-wrap-5459 .aio-icon:after{box-shadow: 0 0 0 2px #ffffff !important;}<\/style><\/div>[\/vc_column][\/vc_row][vc_row][vc_column]<div class=\"ult-spacer spacer-69e8e372c750d\" data-id=\"69e8e372c750d\" data-height=\"60\" data-height-mobile=\"20\" data-height-tab=\"\" data-height-tab-portrait=\"20\" data-height-mobile-landscape=\"20\" style=\"clear:both;display:block;\"><\/div><div id=\"ultimate-heading-820569e8e372c751f\" class=\"uvc-heading ult-adjust-bottom-margin ultimate-heading-820569e8e372c751f uvc-4634 \" data-hspacer=\"no_spacer\"  data-halign=\"center\" style=\"text-align:center\"><div class=\"uvc-heading-spacer no_spacer\" style=\"top\"><\/div><div class=\"uvc-main-heading ult-responsive\"  data-ultimate-target='.uvc-heading.ultimate-heading-820569e8e372c751f h2'  data-responsive-json-new='{\"font-size\":\"\",\"line-height\":\"\"}' ><h2 style=\"font-weight:normal;\">Preguntes freq\u00fcents<\/h2><\/div><\/div><div class=\"ult-spacer spacer-69e8e372c752e\" data-id=\"69e8e372c752e\" data-height=\"40\" data-height-mobile=\"15\" data-height-tab=\"\" data-height-tab-portrait=\"15\" data-height-mobile-landscape=\"15\" style=\"clear:both;display:block;\"><\/div>[vc_tta_accordion shape=&#8221;square&#8221; color=&#8221;white&#8221; active_section=&#8221;1&#8243; el_class=&#8221;justify&#8221;][vc_tta_section title=&#8221;\u00bfQu\u00e8 \u00e9s la cust\u00f2dia compartida?&#8221; tab_id=&#8221;1479829752932-48b6bcb8-7759&#8243;][vc_column_text]La <strong>cust\u00f2dia compartida<\/strong>\u00a0es la situaci\u00f3 legal en qu\u00e8 amd\u00f3s progenitors exerceixen la cust\u00f2dia legal\u00a0dels seus fills menors d\u2019edat, en igualtat de condicions i de drets sobre els mateixos en els casos de separaci\u00f3 o divorci. No s\u2019ha de confondre la cust\u00f2dia legal amb la p\u00e0tria potestat. En el cas de la cust\u00f2dia no compartida, i llevat casos excepcionals, els dos progenitors segueixen tenint la p\u00e0tria potestat sobre els fills.<\/p>\n<p><em>\u00a0<\/em>[\/vc_column_text][\/vc_tta_section][vc_tta_section title=&#8221;\u00bfQu\u00e8 inclou la pensi\u00f3 d\u2019aliments?&#8221; tab_id=&#8221;1479829753324-84fa65fb-c9f0&#8243;][vc_column_text]S\u2019ent\u00e9n per aliments tot all\u00f2 indispensable per al manteniment, vivenda, vestit i assist\u00e8ncia m\u00e8dica a la persona alimentada, aix\u00ed com les despeses per a la formaci\u00f3 si aquesta persona \u00e9s menor i per a la continuaci\u00f3 de la formaci\u00f3, un cop arribada a la majoria d\u2019edat.[\/vc_column_text][\/vc_tta_section][vc_tta_section title=&#8221;\u00bfQuines s\u00f3n les cl\u00e0usules que ha de contenir el conveni regulador de divorci de mutu acord amb fills?&#8221; tab_id=&#8221;1479830296796-9f521f0c-46e7&#8243;][vc_column_text]La manera com els fills han de conviure amb els pares i s\u2019han de relacionar amb el progenitor amb qui no hi conviuen. Estem parlant llavors de si els fills estaran en una guarda i cust\u00f2dia a favor del pare o de la mare, o la guarda ser\u00e0 compartida a favor d\u2019ambd\u00f3s progenitors. En els casos en qu\u00e8 els pares arribin a un acord, aquest es redactar\u00e0 en forma de CONVENI REGULADOR i haur\u00e0 de contenir les seg\u00fcents cl\u00e0usules:<\/p>\n<p>&nbsp;<\/p>\n<ul>\n<li>La manera com s\u2019ha d\u2019exercir la p\u00e0tria potestat sobre els fills.<\/li>\n<li>Pensi\u00f3 d\u2019aliments a favor dels fills tant majors d\u2019edat com menors en com\u00fa tant respecte de les seves necessitats ordin\u00e0ries com extraordin\u00e0ries, la forma de fer el pagament de la pensi\u00f3 d\u2019aliments, la periodicitat i els criteris d\u2019actualitzaci\u00f3.<\/li>\n<li>L\u2019atribuci\u00f3 de l\u2019\u00fas de la vivenda familiar amb el repartiment de l\u2019aixovar, els b\u00e9ns mobles i els estris personals.<\/li>\n<li>La liquidaci\u00f3 del r\u00e8gim econ\u00f2mic matrimonial, la divisi\u00f3 i repartiment dels b\u00e9ns que es tinguin en com\u00fa.<\/li>\n<li>Prestaci\u00f3 compensat\u00f2ria o indemnitzat\u00f2ria econ\u00f2mica entre els c\u00f2njugues per ra\u00f3 de la separaci\u00f3 o divorci.<\/li>\n<\/ul>\n<p>En el cas en qu\u00e8 s\u2019hagi arribat a aquests acords es presentar\u00e0 el conveni davant el Jutjat mitjan\u00e7ant una demanda i sense necessitat de celebrar un judici, per\u00f2 s\u00ed d\u2019anar un dia a ratificar la nostra signatura en aquell document, el Jutge dictar\u00e0 una sent\u00e8ncia on recollir\u00e0 tots aquests pactes.[\/vc_column_text][\/vc_tta_section][\/vc_tta_accordion]<div class=\"ult-spacer spacer-69e8e372c7536\" data-id=\"69e8e372c7536\" data-height=\"60\" data-height-mobile=\"60\" data-height-tab=\"60\" data-height-tab-portrait=\"\" data-height-mobile-landscape=\"\" style=\"clear:both;display:block;\"><\/div>[\/vc_column][\/vc_row]<\/p>\n","protected":false},"excerpt":{"rendered":"<p>[vc_row][vc_column width=&#8221;1\/3&#8243;][vc_single_image image=&#8221;7926&#8243; img_size=&#8221;full&#8221;][\/vc_column][vc_column width=&#8221;2\/3&#8243; el_class=&#8221;justify&#8221;][vc_column_text]S\u00f3n moltes les q\u00fcestions que entren en joc quan un decideix divorciar-se o separar-se de la seva parella. Amb qui s\u2019han de quedar els nens, qu\u00e8 fem amb la vivenda familiar, qu\u00e8 passa amb els cr\u00e8dits que tenim o qui ha de contribuir a la manutenci\u00f3 dels fills en com\u00fa\u2026 [&hellip;]<\/p>\n","protected":false},"author":1,"featured_media":0,"parent":0,"menu_order":0,"comment_status":"closed","ping_status":"closed","template":"page.php","meta":{"footnotes":""},"class_list":["post-7896","page","type-page","status-publish","hentry"],"yoast_head":"<!-- This site is optimized with the Yoast SEO plugin v14.4.1 - https:\/\/yoast.com\/wordpress\/plugins\/seo\/ -->\n<title>Dret de fam\u00edlia - Montse Dami\u00e1n<\/title>\n<meta name=\"robots\" content=\"index, follow\" \/>\n<meta name=\"googlebot\" content=\"index, follow, max-snippet:-1, max-image-preview:large, max-video-preview:-1\" \/>\n<meta name=\"bingbot\" content=\"index, follow, max-snippet:-1, max-image-preview:large, max-video-preview:-1\" \/>\n<link rel=\"canonical\" href=\"https:\/\/www.montsedamianabogada.com\/abogado-para-divorcios-en-reus\/\" \/>\n<meta property=\"og:locale\" content=\"ca_ES\" \/>\n<meta property=\"og:type\" content=\"article\" \/>\n<meta property=\"og:title\" content=\"Dret de fam\u00edlia - Montse Dami\u00e1n\" \/>\n<meta property=\"og:description\" content=\"[vc_row][vc_column width=&#8221;1\/3&#8243;][vc_single_image image=&#8221;7926&#8243; img_size=&#8221;full&#8221;][\/vc_column][vc_column width=&#8221;2\/3&#8243; el_class=&#8221;justify&#8221;][vc_column_text]S\u00f3n moltes les q\u00fcestions que entren en joc quan un decideix divorciar-se o separar-se de la seva parella. Amb qui s\u2019han de quedar els nens, qu\u00e8 fem amb la vivenda familiar, qu\u00e8 passa amb els cr\u00e8dits que tenim o qui ha de contribuir a la manutenci\u00f3 dels fills en com\u00fa\u2026 [&hellip;]\" \/>\n<meta property=\"og:url\" content=\"https:\/\/www.montsedamianabogada.com\/abogado-para-divorcios-en-reus\/\" \/>\n<meta property=\"og:site_name\" content=\"Montse Dami\u00e1n\" \/>\n<meta property=\"article:publisher\" content=\"https:\/\/www.facebook.com\/montsedamianabogada\/\" \/>\n<meta property=\"article:modified_time\" content=\"2017-01-11T10:21:27+00:00\" \/>\n<meta name=\"twitter:card\" content=\"summary\" \/>\n<meta name=\"twitter:creator\" content=\"@AbogadDamian\" \/>\n<meta name=\"twitter:site\" content=\"@AbogadDamian\" \/>\n<script type=\"application\/ld+json\" class=\"yoast-schema-graph\">{\"@context\":\"https:\/\/schema.org\",\"@graph\":[{\"@type\":\"Organization\",\"@id\":\"https:\/\/www.montsedamianabogada.com\/ca\/#organization\",\"name\":\"Montse Dami\\u00e1n abogada\",\"url\":\"https:\/\/www.montsedamianabogada.com\/ca\/\",\"sameAs\":[\"https:\/\/www.facebook.com\/montsedamianabogada\/\",\"https:\/\/es.linkedin.com\/in\/montse-damian-b75b31a9\",\"https:\/\/twitter.com\/AbogadDamian\"],\"logo\":{\"@type\":\"ImageObject\",\"@id\":\"https:\/\/www.montsedamianabogada.com\/ca\/#logo\",\"inLanguage\":\"ca\",\"url\":\"https:\/\/www.montsedamianabogada.com\/wp-content\/uploads\/2016\/11\/logo.png\",\"width\":350,\"height\":67,\"caption\":\"Montse Dami\\u00e1n abogada\"},\"image\":{\"@id\":\"https:\/\/www.montsedamianabogada.com\/ca\/#logo\"}},{\"@type\":\"WebSite\",\"@id\":\"https:\/\/www.montsedamianabogada.com\/ca\/#website\",\"url\":\"https:\/\/www.montsedamianabogada.com\/ca\/\",\"name\":\"Montse Dami\\u00e1n\",\"description\":\"Abogada en Reus\",\"publisher\":{\"@id\":\"https:\/\/www.montsedamianabogada.com\/ca\/#organization\"},\"potentialAction\":[{\"@type\":\"SearchAction\",\"target\":\"https:\/\/www.montsedamianabogada.com\/ca\/?s={search_term_string}\",\"query-input\":\"required name=search_term_string\"}],\"inLanguage\":\"ca\"},{\"@type\":\"WebPage\",\"@id\":\"https:\/\/www.montsedamianabogada.com\/abogado-para-divorcios-en-reus\/#webpage\",\"url\":\"https:\/\/www.montsedamianabogada.com\/abogado-para-divorcios-en-reus\/\",\"name\":\"Dret de fam\\u00edlia - Montse Dami\\u00e1n\",\"isPartOf\":{\"@id\":\"https:\/\/www.montsedamianabogada.com\/ca\/#website\"},\"datePublished\":\"2016-12-02T12:01:34+00:00\",\"dateModified\":\"2017-01-11T10:21:27+00:00\",\"inLanguage\":\"ca\",\"potentialAction\":[{\"@type\":\"ReadAction\",\"target\":[\"https:\/\/www.montsedamianabogada.com\/abogado-para-divorcios-en-reus\/\"]}]}]}<\/script>\n<!-- \/ Yoast SEO plugin. -->","_links":{"self":[{"href":"https:\/\/www.montsedamianabogada.com\/ca\/wp-json\/wp\/v2\/pages\/7896"}],"collection":[{"href":"https:\/\/www.montsedamianabogada.com\/ca\/wp-json\/wp\/v2\/pages"}],"about":[{"href":"https:\/\/www.montsedamianabogada.com\/ca\/wp-json\/wp\/v2\/types\/page"}],"author":[{"embeddable":true,"href":"https:\/\/www.montsedamianabogada.com\/ca\/wp-json\/wp\/v2\/users\/1"}],"replies":[{"embeddable":true,"href":"https:\/\/www.montsedamianabogada.com\/ca\/wp-json\/wp\/v2\/comments?post=7896"}],"version-history":[{"count":3,"href":"https:\/\/www.montsedamianabogada.com\/ca\/wp-json\/wp\/v2\/pages\/7896\/revisions"}],"predecessor-version":[{"id":8142,"href":"https:\/\/www.montsedamianabogada.com\/ca\/wp-json\/wp\/v2\/pages\/7896\/revisions\/8142"}],"wp:attachment":[{"href":"https:\/\/www.montsedamianabogada.com\/ca\/wp-json\/wp\/v2\/media?parent=7896"}],"curies":[{"name":"wp","href":"https:\/\/api.w.org\/{rel}","templated":true}]}}