{"id":7934,"date":"2016-11-24T17:12:23","date_gmt":"2016-11-24T17:12:23","guid":{"rendered":"http:\/\/www.montsedamianabogada.com\/ca\/?page_id=7934"},"modified":"2017-01-11T10:05:05","modified_gmt":"2017-01-11T10:05:05","slug":"advocada-a-reus-accident-de-transit","status":"publish","type":"page","link":"https:\/\/www.montsedamianabogada.com\/ca\/advocada-a-reus-accident-de-transit\/","title":{"rendered":"Accidents de tr\u00e0nsit"},"content":{"rendered":"<p>[vc_row][vc_column]<div class=\"ult-spacer spacer-69e8e6600a967\" data-id=\"69e8e6600a967\" data-height=\"60\" data-height-mobile=\"60\" data-height-tab=\"60\" data-height-tab-portrait=\"\" data-height-mobile-landscape=\"\" style=\"clear:both;display:block;\"><\/div>[vc_column_text]Patir un accident de tr\u00e0nsit potser\u00a0 sigui un fet que ens ha pogut oc\u00f3rrer a tots en algun moment. Per accidents de tr\u00e0nsit podem entendre tant els danys produ\u00efts quan es veuen implicats dos o m\u00e9s veh\u00edcles aix\u00ed quan com quan es produeixen per motiu de la circulaci\u00f3 d\u2019un \u00fanic veh\u00edcle; sup\u00f2sit dels atropellaments a vianants.<\/p>\n<p>Poca gent coneix que en la nostra pr\u00f2pia p\u00f2lissa d\u2019assegurances existeix una cl\u00e0usula anomenada de \u201cdefensa jur\u00eddica\u201d que permet que designem l\u2019advocat que volguem per contra de romandre amb el qui ens\u00a0 haguessin adre\u00e7at per ser el propi de la companyia. Pensem que la relaci\u00f3 entre advocat i client \u00a0ha de ser sempre de confian\u00e7a i en el primer dels casos, sovint no existeix aquesta condici\u00f3, m\u00e9s atenent que es tracta del lletrat de la pr\u00f2pia companyia d\u2019assegurances qui podria mirar m\u00e9s pel benefici d\u2019aquesta \u00faltima.<\/p>\n<p>Per tal de garantir que la indemnitzaci\u00f3 que ens correspon \u00e9s la m\u00e9s \u00f2ptima es fa vital acudir a un professional ali\u00e8 a qualsevol inter\u00e9s que no sigui el nostre propi, perque \u00e9s qui discutir\u00e0 tena\u00e7ment tots els condicionants m\u00e9s favorables per al seu dret.<\/p>\n<p>El mateix succeeix quan es compliquen les reclamacions entre companyies b\u00e9 perque neguin la ocurr\u00e8ncia del sinistre, b\u00e9 perque no ens reconeguin la totalitat dels danys i lesions patits o perque incl\u00fas no acceptin la cobertura de la pr\u00f2pia asseguran\u00e7a contractada. I \u00e9s que, en moltes ocasions, les companyies, inclosa la seva pr\u00f2pia, pacten per darrera del seu assegurat mitjan\u00e7ant convenis que entre les mateixen operen essent aix\u00f2,\u00a0 perjudicial per al afectat, \u00e9s a dir vost\u00e8. Per tal d\u2019evitar aquests i d\u2019altres abusos assessori\u2019s b\u00e9 sempre i consulti\u2019ns amb plena confian\u00e7a.<\/p>\n<p>[\/vc_column_text]<div class=\"ult-spacer spacer-69e8e6600a972\" data-id=\"69e8e6600a972\" data-height=\"60\" data-height-mobile=\"60\" data-height-tab=\"60\" data-height-tab-portrait=\"\" data-height-mobile-landscape=\"\" style=\"clear:both;display:block;\"><\/div>[\/vc_column][\/vc_row][vc_row full_width=&#8221;stretch_row&#8221; css=&#8221;.vc_custom_1481531840856{background-color: #f3efed !important;}&#8221; el_class=&#8221;justify&#8221;][vc_column width=&#8221;1\/2&#8243;]<div class=\"ult-spacer spacer-69e8e6600a97a\" data-id=\"69e8e6600a97a\" data-height=\"60\" data-height-mobile=\"60\" data-height-tab=\"60\" data-height-tab-portrait=\"\" data-height-mobile-landscape=\"\" style=\"clear:both;display:block;\"><\/div><div class=\"aio-icon-component   style_1 upper_icon_index-0\"><div id=\"Info-box-wrap-2790\" class=\"aio-icon-box default-icon\" style=\"\"  ><div class=\"aio-icon-default\"><div class=\"ult-just-icon-wrapper  \"><div class=\"align-icon\" style=\"text-align:center;\">\n<div class=\"aio-icon none \" data-animation=\"fadeIn\" data-animation-delay=\"03\" style=\"color:#661414;font-size:18px;display:inline-block;\">\n\t<i class=\"line-icons-check-square\"><\/i>\n<\/div><\/div><\/div><\/div><div class=\"aio-icon-header\" ><h3 class=\"aio-icon-title ult-responsive\"  data-ultimate-target='#Info-box-wrap-2790 .aio-icon-title'  data-responsive-json-new='{\"font-size\":\"\",\"line-height\":\"\"}'  style=\"\">Indemnitzaci\u00f3 per lesions i seq\u00fcel.les tant del conductor com dels ocupants. <\/h3><\/div> <!-- header --><\/div> <!-- aio-icon-box --><\/div> <!-- aio-icon-component --><style>#Info-box-wrap-2790 .aio-icon:after{box-shadow: 0 0 0 2px #ffffff !important;}<\/style><div class=\"aio-icon-component   style_1 upper_icon_index-0\"><div id=\"Info-box-wrap-7673\" class=\"aio-icon-box default-icon\" style=\"\"  ><div class=\"aio-icon-default\"><div class=\"ult-just-icon-wrapper  \"><div class=\"align-icon\" style=\"text-align:center;\">\n<div class=\"aio-icon none \" data-animation=\"fadeIn\" data-animation-delay=\"03\" style=\"color:#661414;font-size:18px;display:inline-block;\">\n\t<i class=\"line-icons-check-square\"><\/i>\n<\/div><\/div><\/div><\/div><div class=\"aio-icon-header\" ><h3 class=\"aio-icon-title ult-responsive\"  data-ultimate-target='#Info-box-wrap-7673 .aio-icon-title'  data-responsive-json-new='{\"font-size\":\"\",\"line-height\":\"\"}'  style=\"\">Indemnitzaci\u00f3 m\u00e0xima en els casos de defunci\u00f3 per accident de tr\u00e0nsit.<\/h3><\/div> <!-- header --><\/div> <!-- aio-icon-box --><\/div> <!-- aio-icon-component --><style>#Info-box-wrap-7673 .aio-icon:after{box-shadow: 0 0 0 2px #ffffff !important;}<\/style><div class=\"aio-icon-component   style_1 upper_icon_index-0\"><div id=\"Info-box-wrap-8719\" class=\"aio-icon-box default-icon\" style=\"\"  ><div class=\"aio-icon-default\"><div class=\"ult-just-icon-wrapper  \"><div class=\"align-icon\" style=\"text-align:center;\">\n<div class=\"aio-icon none \" data-animation=\"fadeIn\" data-animation-delay=\"03\" style=\"color:#661414;font-size:18px;display:inline-block;\">\n\t<i class=\"line-icons-check-square\"><\/i>\n<\/div><\/div><\/div><\/div><div class=\"aio-icon-header\" ><h3 class=\"aio-icon-title ult-responsive\"  data-ultimate-target='#Info-box-wrap-8719 .aio-icon-title'  data-responsive-json-new='{\"font-size\":\"\",\"line-height\":\"\"}'  style=\"\">Indemnitzaci\u00f3 per atropellament.<\/h3><\/div> <!-- header --><\/div> <!-- aio-icon-box --><\/div> <!-- aio-icon-component --><style>#Info-box-wrap-8719 .aio-icon:after{box-shadow: 0 0 0 2px #ffffff !important;}<\/style><div class=\"aio-icon-component   style_1 upper_icon_index-0\"><div id=\"Info-box-wrap-5185\" class=\"aio-icon-box default-icon\" style=\"\"  ><div class=\"aio-icon-default\"><div class=\"ult-just-icon-wrapper  \"><div class=\"align-icon\" style=\"text-align:center;\">\n<div class=\"aio-icon none \" data-animation=\"fadeIn\" data-animation-delay=\"03\" style=\"color:#661414;font-size:18px;display:inline-block;\">\n\t<i class=\"line-icons-check-square\"><\/i>\n<\/div><\/div><\/div><\/div><div class=\"aio-icon-header\" ><h3 class=\"aio-icon-title ult-responsive\"  data-ultimate-target='#Info-box-wrap-5185 .aio-icon-title'  data-responsive-json-new='{\"font-size\":\"\",\"line-height\":\"\"}'  style=\"\">Indemnitzaci\u00f3 per lesions i seq\u00fcel.les provocades per un veh\u00edcle sense asseguran\u00e7a.<\/h3><\/div> <!-- header --><\/div> <!-- aio-icon-box --><\/div> <!-- aio-icon-component --><style>#Info-box-wrap-5185 .aio-icon:after{box-shadow: 0 0 0 2px #ffffff !important;}<\/style><div class=\"aio-icon-component   style_1 upper_icon_index-0\"><div id=\"Info-box-wrap-9812\" class=\"aio-icon-box default-icon\" style=\"\"  ><div class=\"aio-icon-default\"><div class=\"ult-just-icon-wrapper  \"><div class=\"align-icon\" style=\"text-align:center;\">\n<div class=\"aio-icon none \" data-animation=\"fadeIn\" data-animation-delay=\"03\" style=\"color:#661414;font-size:18px;display:inline-block;\">\n\t<i class=\"line-icons-check-square\"><\/i>\n<\/div><\/div><\/div><\/div><div class=\"aio-icon-header\" ><h3 class=\"aio-icon-title ult-responsive\"  data-ultimate-target='#Info-box-wrap-9812 .aio-icon-title'  data-responsive-json-new='{\"font-size\":\"\",\"line-height\":\"\"}'  style=\"\">Reclamacions a la nostra companyia d\u2019assegurances per indemnitzacions inferiors a la que ens correspon.<\/h3><\/div> <!-- header --><\/div> <!-- aio-icon-box --><\/div> <!-- aio-icon-component --><style>#Info-box-wrap-9812 .aio-icon:after{box-shadow: 0 0 0 2px #ffffff !important;}<\/style><div class=\"aio-icon-component   style_1 upper_icon_index-0\"><div id=\"Info-box-wrap-6869\" class=\"aio-icon-box default-icon\" style=\"\"  ><div class=\"aio-icon-default\"><div class=\"ult-just-icon-wrapper  \"><div class=\"align-icon\" style=\"text-align:center;\">\n<div class=\"aio-icon none \" data-animation=\"fadeIn\" data-animation-delay=\"03\" style=\"color:#661414;font-size:18px;display:inline-block;\">\n\t<i class=\"line-icons-check-square\"><\/i>\n<\/div><\/div><\/div><\/div><div class=\"aio-icon-header\" ><h3 class=\"aio-icon-title ult-responsive\"  data-ultimate-target='#Info-box-wrap-6869 .aio-icon-title'  data-responsive-json-new='{\"font-size\":\"\",\"line-height\":\"\"}'  style=\"\">Incapacitats derivades de l\u2019accident.<\/h3><\/div> <!-- header --><\/div> <!-- aio-icon-box --><\/div> <!-- aio-icon-component --><style>#Info-box-wrap-6869 .aio-icon:after{box-shadow: 0 0 0 2px #ffffff !important;}<\/style><div class=\"ult-spacer spacer-69e8e6600aaf3\" data-id=\"69e8e6600aaf3\" data-height=\"60\" data-height-mobile=\"60\" data-height-tab=\"60\" data-height-tab-portrait=\"\" data-height-mobile-landscape=\"\" style=\"clear:both;display:block;\"><\/div>[\/vc_column][vc_column width=&#8221;1\/2&#8243;]<div class=\"ult-spacer spacer-69e8e6600aafb\" data-id=\"69e8e6600aafb\" data-height=\"60\" data-height-mobile=\"60\" data-height-tab=\"60\" data-height-tab-portrait=\"\" data-height-mobile-landscape=\"\" style=\"clear:both;display:block;\"><\/div><div class=\"aio-icon-component   style_1 upper_icon_index-0\"><div id=\"Info-box-wrap-4807\" class=\"aio-icon-box default-icon\" style=\"\"  ><div class=\"aio-icon-default\"><div class=\"ult-just-icon-wrapper  \"><div class=\"align-icon\" style=\"text-align:center;\">\n<div class=\"aio-icon none \" data-animation=\"fadeIn\" data-animation-delay=\"03\" style=\"color:#661414;font-size:18px;display:inline-block;\">\n\t<i class=\"line-icons-check-square\"><\/i>\n<\/div><\/div><\/div><\/div><div class=\"aio-icon-header\" ><h3 class=\"aio-icon-title ult-responsive\"  data-ultimate-target='#Info-box-wrap-4807 .aio-icon-title'  data-responsive-json-new='{\"font-size\":\"\",\"line-height\":\"\"}'  style=\"\">Danys materials en un accident (sinistre total, valor venal, reparaci\u00f3 o substituci\u00f3 de veh\u00edcle accidentat).<\/h3><\/div> <!-- header --><\/div> <!-- aio-icon-box --><\/div> <!-- aio-icon-component --><style>#Info-box-wrap-4807 .aio-icon:after{box-shadow: 0 0 0 2px #ffffff !important;}<\/style><div class=\"aio-icon-component   style_1 upper_icon_index-0\"><div id=\"Info-box-wrap-4201\" class=\"aio-icon-box default-icon\" style=\"\"  ><div class=\"aio-icon-default\"><div class=\"ult-just-icon-wrapper  \"><div class=\"align-icon\" style=\"text-align:center;\">\n<div class=\"aio-icon none \" data-animation=\"fadeIn\" data-animation-delay=\"03\" style=\"color:#661414;font-size:18px;display:inline-block;\">\n\t<i class=\"line-icons-check-square\"><\/i>\n<\/div><\/div><\/div><\/div><div class=\"aio-icon-header\" ><h3 class=\"aio-icon-title ult-responsive\"  data-ultimate-target='#Info-box-wrap-4201 .aio-icon-title'  data-responsive-json-new='{\"font-size\":\"\",\"line-height\":\"\"}'  style=\"\">Reclamaci\u00f3 de despeses m\u00e8diques i de tractament generades per l\u2019accident.<\/h3><\/div> <!-- header --><\/div> <!-- aio-icon-box --><\/div> <!-- aio-icon-component --><style>#Info-box-wrap-4201 .aio-icon:after{box-shadow: 0 0 0 2px #ffffff !important;}<\/style><div class=\"aio-icon-component   style_1 upper_icon_index-0\"><div id=\"Info-box-wrap-8482\" class=\"aio-icon-box default-icon\" style=\"\"  ><div class=\"aio-icon-default\"><div class=\"ult-just-icon-wrapper  \"><div class=\"align-icon\" style=\"text-align:center;\">\n<div class=\"aio-icon none \" data-animation=\"fadeIn\" data-animation-delay=\"03\" style=\"color:#661414;font-size:18px;display:inline-block;\">\n\t<i class=\"line-icons-check-square\"><\/i>\n<\/div><\/div><\/div><\/div><div class=\"aio-icon-header\" ><h3 class=\"aio-icon-title ult-responsive\"  data-ultimate-target='#Info-box-wrap-8482 .aio-icon-title'  data-responsive-json-new='{\"font-size\":\"\",\"line-height\":\"\"}'  style=\"\">Lucre cessant pels per\u00edodes de baixa per accident.<\/h3><\/div> <!-- header --><\/div> <!-- aio-icon-box --><\/div> <!-- aio-icon-component --><style>#Info-box-wrap-8482 .aio-icon:after{box-shadow: 0 0 0 2px #ffffff !important;}<\/style><div class=\"aio-icon-component   style_1 upper_icon_index-0\"><div id=\"Info-box-wrap-3404\" class=\"aio-icon-box default-icon\" style=\"\"  ><div class=\"aio-icon-default\"><div class=\"ult-just-icon-wrapper  \"><div class=\"align-icon\" style=\"text-align:center;\">\n<div class=\"aio-icon none \" data-animation=\"fadeIn\" data-animation-delay=\"03\" style=\"color:#661414;font-size:18px;display:inline-block;\">\n\t<i class=\"line-icons-check-square\"><\/i>\n<\/div><\/div><\/div><\/div><div class=\"aio-icon-header\" ><h3 class=\"aio-icon-title ult-responsive\"  data-ultimate-target='#Info-box-wrap-3404 .aio-icon-title'  data-responsive-json-new='{\"font-size\":\"\",\"line-height\":\"\"}'  style=\"\">Falta de cobertura a la nostra p\u00f3lissa d\u2019asseguran\u00e7a.<\/h3><\/div> <!-- header --><\/div> <!-- aio-icon-box --><\/div> <!-- aio-icon-component --><style>#Info-box-wrap-3404 .aio-icon:after{box-shadow: 0 0 0 2px #ffffff !important;}<\/style><div class=\"aio-icon-component   style_1 upper_icon_index-0\"><div id=\"Info-box-wrap-2301\" class=\"aio-icon-box default-icon\" style=\"\"  ><div class=\"aio-icon-default\"><div class=\"ult-just-icon-wrapper  \"><div class=\"align-icon\" style=\"text-align:center;\">\n<div class=\"aio-icon none \" data-animation=\"fadeIn\" data-animation-delay=\"03\" style=\"color:#661414;font-size:18px;display:inline-block;\">\n\t<i class=\"line-icons-check-square\"><\/i>\n<\/div><\/div><\/div><\/div><div class=\"aio-icon-header\" ><h3 class=\"aio-icon-title ult-responsive\"  data-ultimate-target='#Info-box-wrap-2301 .aio-icon-title'  data-responsive-json-new='{\"font-size\":\"\",\"line-height\":\"\"}'  style=\"\">Reclamaci\u00f3 davant l\u2019administraci\u00f3 per accidents en la via, carretera o cam\u00ed de la seva titularitat.<\/h3><\/div> <!-- header --><\/div> <!-- aio-icon-box --><\/div> <!-- aio-icon-component --><style>#Info-box-wrap-2301 .aio-icon:after{box-shadow: 0 0 0 2px #ffffff !important;}<\/style>[\/vc_column][\/vc_row][vc_row][vc_column]<div class=\"ult-spacer spacer-69e8e6600ac0d\" data-id=\"69e8e6600ac0d\" data-height=\"60\" data-height-mobile=\"60\" data-height-tab=\"60\" data-height-tab-portrait=\"\" data-height-mobile-landscape=\"\" style=\"clear:both;display:block;\"><\/div><div id=\"ultimate-heading-474569e8e6600ac1e\" class=\"uvc-heading ult-adjust-bottom-margin ultimate-heading-474569e8e6600ac1e uvc-6975 \" data-hspacer=\"no_spacer\"  data-halign=\"center\" style=\"text-align:center\"><div class=\"uvc-heading-spacer no_spacer\" style=\"top\"><\/div><div class=\"uvc-main-heading ult-responsive\"  data-ultimate-target='.uvc-heading.ultimate-heading-474569e8e6600ac1e h2'  data-responsive-json-new='{\"font-size\":\"\",\"line-height\":\"\"}' ><h2 style=\"font-weight:normal;\">Preguntes freq\u00fcents<\/h2><\/div><\/div><div class=\"ult-spacer spacer-69e8e6600ac2a\" data-id=\"69e8e6600ac2a\" data-height=\"60\" data-height-mobile=\"60\" data-height-tab=\"60\" data-height-tab-portrait=\"\" data-height-mobile-landscape=\"\" style=\"clear:both;display:block;\"><\/div>[vc_tta_accordion shape=&#8221;square&#8221; color=&#8221;white&#8221; active_section=&#8221;1&#8243; el_class=&#8221;justify&#8221;][vc_tta_section title=&#8221;La meva asseguradora m\u2019ha enviat una carta amb una oferta pel meu cotxe accidentat i no hi estic d\u2019acord amb l\u2019import, \u00bf qu\u00e8 faig?&#8221; tab_id=&#8221;1481531649789-7013d18b-4030&#8243;][vc_column_text]En moltes ocasions la seva pr\u00f2pia companyia, tot i que sigui la companyia contr\u00e0ria la culpable de l\u2019accident, realitza una oferta d\u2019indemnitzaci\u00f3 per les lesions i danys soferts en el seu veh\u00edcle. Ara b\u00e9, hem de saber que entre les pr\u00f2pies companyies existeixen uns \u201cconvenis\u201d d\u2019assumpci\u00f3 de responsabilitat que fan que, sense atendre de qui \u00e9s la responsabilitat del sinistre, entre elles s\u2019indemnitzin i per uns imports fixats en barem essent que aix\u00f2 podria-lo perjudicar. Per aix\u00f2 \u00e9s important no aceptar referit import ni signar cap document de quitan\u00e7a abans d\u2019haver consultat amb un advocat, doncs un cop signat dif\u00edcilment podr\u00e0 reclamar res m\u00e9s.[\/vc_column_text][\/vc_tta_section][vc_tta_section title=&#8221;He tingut un accident de tr\u00e0nsit i la meva pr\u00f2pia companyia diu que em busqui un advocat \u00bf poden fer-ho?&#8221; tab_id=&#8221;1481531650097-55f3d56f-e033&#8243;][vc_column_text]Malauradament fa un temps que les companyies estan actuant d\u2019aquesta manera, incl\u00fas tractant-se de la pr\u00f2pia. Segurament en la carta ens indicaran que ens busquem un advocat perqu\u00e8 no existeix el que ells anomenen \u201cnexe causal\u201d o que l\u2019impacte ha estat de poca intensitat. No neguen que tinguem lesions o danys en el veh\u00edcle per\u00f2 com els hi semblen de poca entitat entenen que poden ser negats per la companyia contr\u00e0ria i ni tan sols els defensaran. Pensi, que en aquests casos, es juga a dilatar i cansar al assegurat per a qu\u00e8 desisteixi de reclamar res i ells estalviar-se qualsevol import. S\u00e0piguen que si es d\u00f3na aquest sup\u00f2sit, vost\u00e8 pot designar un advocat de la seva lliure elecci\u00f3 amb c\u00e0rrec a la companyia i reclamar el que li correspongui.[\/vc_column_text][\/vc_tta_section][vc_tta_section title=&#8221;El conductor que em va atropellar en un pas de vianants anava begut, \u00bf no puc reclamar res?&#8221; tab_id=&#8221;1481531727241-90246891-a19f&#8221;][vc_column_text]Si el conductor causant de l\u2019accident va donar positiu en alcohol\u00e8mia i superava la taxa administrativa permesa s\u2019iniciar\u00e0 un procediment penal en qu\u00e8 es dicutir\u00e0 com va anar l\u2019accident i si ha de ser alg\u00fa indemnitzat com a perjudicat. En un primer moment la companyia d\u2019assegurances podria negar-se a abonar cap import perque conduir begut no \u00e9s un fet que cobreixi la p\u00f3lissa d\u2019assegurances. Ara b\u00e9, la llei \u00a0obliga a la companyia a abonar les indemnitzacions als perjudicats incl\u00fas en aquests sup\u00f2sits i el que podr\u00e1 fer \u00e9s reclamar-li al seu assegurat la devoluci\u00f3 de l\u2019import que hagu\u00e9s pagat. Sempre \u00e9s millor que vost\u00e8 vagi amb advocat que l\u2019assisteixi per tal que sigui indemnitzat i ser-ho amb l\u2019import m\u00e0xim que correspongui.[\/vc_column_text][\/vc_tta_section][\/vc_tta_accordion][\/vc_column][\/vc_row]<\/p>\n","protected":false},"excerpt":{"rendered":"<p>[vc_row][vc_column][vc_column_text]Patir un accident de tr\u00e0nsit potser\u00a0 sigui un fet que ens ha pogut oc\u00f3rrer a tots en algun moment. Per accidents de tr\u00e0nsit podem entendre tant els danys produ\u00efts quan es veuen implicats dos o m\u00e9s veh\u00edcles aix\u00ed quan com quan es produeixen per motiu de la circulaci\u00f3 d\u2019un \u00fanic veh\u00edcle; sup\u00f2sit dels atropellaments a [&hellip;]<\/p>\n","protected":false},"author":1,"featured_media":0,"parent":0,"menu_order":0,"comment_status":"closed","ping_status":"closed","template":"page.php","meta":{"footnotes":""},"class_list":["post-7934","page","type-page","status-publish","hentry"],"yoast_head":"<!-- This site is optimized with the Yoast SEO plugin v14.4.1 - https:\/\/yoast.com\/wordpress\/plugins\/seo\/ -->\n<title>Accidents de tr\u00e0nsit - Montse Dami\u00e1n<\/title>\n<meta name=\"robots\" content=\"index, follow\" \/>\n<meta name=\"googlebot\" content=\"index, follow, max-snippet:-1, max-image-preview:large, max-video-preview:-1\" \/>\n<meta name=\"bingbot\" content=\"index, follow, max-snippet:-1, max-image-preview:large, max-video-preview:-1\" \/>\n<link rel=\"canonical\" href=\"https:\/\/www.montsedamianabogada.com\/abogado-en-reus-para-accidente-de-coche\/\" \/>\n<meta property=\"og:locale\" content=\"ca_ES\" \/>\n<meta property=\"og:type\" content=\"article\" \/>\n<meta property=\"og:title\" content=\"Accidents de tr\u00e0nsit - Montse Dami\u00e1n\" \/>\n<meta property=\"og:description\" content=\"[vc_row][vc_column][vc_column_text]Patir un accident de tr\u00e0nsit potser\u00a0 sigui un fet que ens ha pogut oc\u00f3rrer a tots en algun moment. Per accidents de tr\u00e0nsit podem entendre tant els danys produ\u00efts quan es veuen implicats dos o m\u00e9s veh\u00edcles aix\u00ed quan com quan es produeixen per motiu de la circulaci\u00f3 d\u2019un \u00fanic veh\u00edcle; sup\u00f2sit dels atropellaments a [&hellip;]\" \/>\n<meta property=\"og:url\" content=\"https:\/\/www.montsedamianabogada.com\/abogado-en-reus-para-accidente-de-coche\/\" \/>\n<meta property=\"og:site_name\" content=\"Montse Dami\u00e1n\" \/>\n<meta property=\"article:publisher\" content=\"https:\/\/www.facebook.com\/montsedamianabogada\/\" \/>\n<meta property=\"article:modified_time\" content=\"2017-01-11T10:05:05+00:00\" \/>\n<meta name=\"twitter:card\" content=\"summary\" \/>\n<meta name=\"twitter:creator\" content=\"@AbogadDamian\" \/>\n<meta name=\"twitter:site\" content=\"@AbogadDamian\" \/>\n<script type=\"application\/ld+json\" class=\"yoast-schema-graph\">{\"@context\":\"https:\/\/schema.org\",\"@graph\":[{\"@type\":\"Organization\",\"@id\":\"https:\/\/www.montsedamianabogada.com\/ca\/#organization\",\"name\":\"Montse Dami\\u00e1n abogada\",\"url\":\"https:\/\/www.montsedamianabogada.com\/ca\/\",\"sameAs\":[\"https:\/\/www.facebook.com\/montsedamianabogada\/\",\"https:\/\/es.linkedin.com\/in\/montse-damian-b75b31a9\",\"https:\/\/twitter.com\/AbogadDamian\"],\"logo\":{\"@type\":\"ImageObject\",\"@id\":\"https:\/\/www.montsedamianabogada.com\/ca\/#logo\",\"inLanguage\":\"ca\",\"url\":\"https:\/\/www.montsedamianabogada.com\/wp-content\/uploads\/2016\/11\/logo.png\",\"width\":350,\"height\":67,\"caption\":\"Montse Dami\\u00e1n abogada\"},\"image\":{\"@id\":\"https:\/\/www.montsedamianabogada.com\/ca\/#logo\"}},{\"@type\":\"WebSite\",\"@id\":\"https:\/\/www.montsedamianabogada.com\/ca\/#website\",\"url\":\"https:\/\/www.montsedamianabogada.com\/ca\/\",\"name\":\"Montse Dami\\u00e1n\",\"description\":\"Abogada en Reus\",\"publisher\":{\"@id\":\"https:\/\/www.montsedamianabogada.com\/ca\/#organization\"},\"potentialAction\":[{\"@type\":\"SearchAction\",\"target\":\"https:\/\/www.montsedamianabogada.com\/ca\/?s={search_term_string}\",\"query-input\":\"required name=search_term_string\"}],\"inLanguage\":\"ca\"},{\"@type\":\"WebPage\",\"@id\":\"https:\/\/www.montsedamianabogada.com\/abogado-en-reus-para-accidente-de-coche\/#webpage\",\"url\":\"https:\/\/www.montsedamianabogada.com\/abogado-en-reus-para-accidente-de-coche\/\",\"name\":\"Accidents de tr\\u00e0nsit - Montse Dami\\u00e1n\",\"isPartOf\":{\"@id\":\"https:\/\/www.montsedamianabogada.com\/ca\/#website\"},\"datePublished\":\"2016-11-24T17:12:23+00:00\",\"dateModified\":\"2017-01-11T10:05:05+00:00\",\"inLanguage\":\"ca\",\"potentialAction\":[{\"@type\":\"ReadAction\",\"target\":[\"https:\/\/www.montsedamianabogada.com\/abogado-en-reus-para-accidente-de-coche\/\"]}]}]}<\/script>\n<!-- \/ Yoast SEO plugin. -->","_links":{"self":[{"href":"https:\/\/www.montsedamianabogada.com\/ca\/wp-json\/wp\/v2\/pages\/7934"}],"collection":[{"href":"https:\/\/www.montsedamianabogada.com\/ca\/wp-json\/wp\/v2\/pages"}],"about":[{"href":"https:\/\/www.montsedamianabogada.com\/ca\/wp-json\/wp\/v2\/types\/page"}],"author":[{"embeddable":true,"href":"https:\/\/www.montsedamianabogada.com\/ca\/wp-json\/wp\/v2\/users\/1"}],"replies":[{"embeddable":true,"href":"https:\/\/www.montsedamianabogada.com\/ca\/wp-json\/wp\/v2\/comments?post=7934"}],"version-history":[{"count":5,"href":"https:\/\/www.montsedamianabogada.com\/ca\/wp-json\/wp\/v2\/pages\/7934\/revisions"}],"predecessor-version":[{"id":8138,"href":"https:\/\/www.montsedamianabogada.com\/ca\/wp-json\/wp\/v2\/pages\/7934\/revisions\/8138"}],"wp:attachment":[{"href":"https:\/\/www.montsedamianabogada.com\/ca\/wp-json\/wp\/v2\/media?parent=7934"}],"curies":[{"name":"wp","href":"https:\/\/api.w.org\/{rel}","templated":true}]}}